{"id":544,"date":"2024-11-04T09:00:58","date_gmt":"2024-11-04T09:00:58","guid":{"rendered":"https:\/\/demo.casethemes.net\/agenzio\/?page_id=544"},"modified":"2026-01-06T22:20:18","modified_gmt":"2026-01-06T22:20:18","slug":"about-us","status":"publish","type":"page","link":"https:\/\/akvamariin.com\/es\/about-us\/","title":{"rendered":"Sobre nosotros"},"content":{"rendered":"<div data-elementor-type=\"wp-page\" data-elementor-id=\"544\" class=\"elementor elementor-544\">\n\t\t\t\t        <section class=\"elementor-section elementor-top-section elementor-element elementor-element-cb82fea elementor-section-stretched elementor-section-boxed elementor-section-height-default elementor-section-height-default pxl-row-scroll-none pxl-zoom-point-false pxl-section-overflow-visible pxl-section-fix-none pxl-bg-color-none pxl-section-overlay-none\" data-id=\"cb82fea\" data-element_type=\"section\" data-e-type=\"section\" data-settings=\"{&quot;stretch_section&quot;:&quot;section-stretched&quot;}\">\n\n                \n                <div class=\"elementor-container elementor-column-gap-extended\">\n                <div class=\"elementor-column elementor-col-50 elementor-top-column elementor-element elementor-element-5eb5249 pxl-column-none pxl-column-overflow-hidden-no\" data-id=\"5eb5249\" data-element_type=\"column\" data-e-type=\"column\">\r\n        <div class=\"elementor-widget-wrap elementor-element-populated\">\r\n                     \r\n        \t\t<div class=\"elementor-element elementor-element-df2b514 elementor-widget elementor-widget-pxl_heading\" data-id=\"df2b514\" data-element_type=\"widget\" data-e-type=\"widget\" data-widget_type=\"pxl_heading.default\">\n\t\t\t\t<div class=\"elementor-widget-container\">\n\t\t\t\t\t\n<div id=\"pxl-pxl_heading-df2b514-9033\" class=\"pxl-heading px-sub-title-default-style\">\n\t<div class=\"pxl-heading--inner\">\n\t\t<div class=\"pxl-heading-content\">\n\t\t\t\t\t\t\t<div class=\"pxl-item--subtitle px-sub-title-default\" data-wow-delay=\"ms\">\n\t\t\t\t\t<span class=\"pxl-item--subtext\">\n\t\t\t\t\t\t\t\t\t\t\t\tSobre nosotros\t\t\t\t\t<\/span>\n\t\t\t\t<\/div>\n\t\t\t\n\t\t\t<h3 class=\"pxl-item--title style-default highlight-default pxl-split-text split-in-fade\" data-wow-delay=\"ms\">\n\t\t\t\t\n\t\t\t\t\n\t\t\t\t\t\t\t\t\tCon sede en <span class=\"pxl-title--highlight2\">Estonia<\/span>y <span class=\"pxl-title--highlight2\">Espa\u00f1a<\/span>\t\n\t\t\t\t\t\n\t\t\t<\/h3>\n\t\t<\/div>\n\t<\/div>\n<\/div>\t\t\t\t<\/div>\n\t\t\t\t<\/div>\n\t\t\t\t<div class=\"elementor-element elementor-element-37aeab5 elementor-widget elementor-widget-pxl_tabs\" data-id=\"37aeab5\" data-element_type=\"widget\" data-e-type=\"widget\" data-widget_type=\"pxl_tabs.default\">\n\t\t\t\t<div class=\"elementor-widget-container\">\n\t\t\t\t\t    <div class=\"pxl-tabs pxl-tabs1 style-1 tab-effect-fade\" data-wow-delay=\"ms\">\n        <div class=\"pxl-tabs--inner\">\n            <div class=\"pxl-tabs--title\">\n                                    <span class=\"pxl-tab--title pxl-cursor--cta active\" data-target=\"#pxl_tabs-37aeab5-3985-90026ef\">\n                        <span class=\"pxl-title--text\">\n                            nuestra visi\u00f3n                        <\/span>\n                    <\/span>\n                                    <span class=\"pxl-tab--title pxl-cursor--cta\" data-target=\"#pxl_tabs-37aeab5-3985-84ee910\">\n                        <span class=\"pxl-title--text\">\n                            nuestra misi\u00f3n                        <\/span>\n                    <\/span>\n                                    <span class=\"pxl-tab--title pxl-cursor--cta\" data-target=\"#pxl_tabs-37aeab5-3985-6c3fe7f\">\n                        <span class=\"pxl-title--text\">\n                            Nuestro recorrido                        <\/span>\n                    <\/span>\n                            <\/div>\n\n            <div class=\"pxl-tabs--content\">\n                                    <div id=\"pxl_tabs-37aeab5-3985-90026ef\" class=\"pxl-tab--content active\" style=\"display: block;\">\n                        <p>Nuestra visi\u00f3n es empoderar a individuos y empresas ayud\u00e1ndoles a atraer nuevos clientes y establecer una presencia s\u00f3lida y accesible en l\u00ednea. Nos esforzamos por crear conexiones digitales significativas que impulsen el crecimiento, la visibilidad y el \u00e9xito a largo plazo en un mundo cada vez m\u00e1s conectado.<\/p>        \n                    <\/div>\n                                    <div id=\"pxl_tabs-37aeab5-3985-84ee910\" class=\"pxl-tab--content\" >\n                        <p>\u00a0Aunque a\u00fan no tengas una idea clara, estamos aqu\u00ed para ayudarte a descubrirla y convertirla en algo real, impactante y verdaderamente tuyo.<\/p>        \n                    <\/div>\n                                    <div id=\"pxl_tabs-37aeab5-3985-6c3fe7f\" class=\"pxl-tab--content\" >\n                        <p>Con experiencia en branding, dise\u00f1o web y estrategia digital, apoyamos tu visi\u00f3n desde el concepto hasta el lanzamiento. Ya sea que est\u00e9s creando algo nuevo o perfeccionando lo que ya existe, adaptamos cada paso a tu historia, objetivos y audiencia \u00fanicos.<\/p>        \n                    <\/div>\n                            <\/div>\n            \n        <\/div>\n    <\/div>\n\t\t\t\t<\/div>\n\t\t\t\t<\/div>\n\t\t            <\/div>\r\n        <\/div>\r\n                <div class=\"elementor-column elementor-col-50 elementor-top-column elementor-element elementor-element-116bd23 pxl-column-none pxl-column-overflow-hidden-no\" data-id=\"116bd23\" data-element_type=\"column\" data-e-type=\"column\">\r\n        <div class=\"elementor-widget-wrap elementor-element-populated\">\r\n                     \r\n        \t\t<div class=\"elementor-element elementor-element-6919923 elementor-widget__width-auto elementor-absolute elementor-hidden-mobile elementor-widget elementor-widget-pxl_image\" data-id=\"6919923\" data-element_type=\"widget\" data-e-type=\"widget\" data-settings=\"{&quot;_position&quot;:&quot;absolute&quot;}\" data-widget_type=\"pxl_image.default\">\n\t\t\t\t<div class=\"elementor-widget-container\">\n\t\t\t\t\t<div id=\"pxl_image-6919923-2436\" class=\"pxl-image-single style_img1   pxl-parallax-scroll\" data-wow-delay=\"ms\"  data-parallax='{\"x\":50}'>\r\n    <div class=\"pxl-item--inner\" data-wow-delay=\"120ms\">\r\n        \r\n                                <div class=\"pxl-item--image\" data-parallax-value=\"\">\r\n                                                    <img decoding=\"async\" width=\"226\" height=\"210\" src=\"https:\/\/akvamariin.com\/wp-content\/uploads\/2024\/11\/pattern.png\" class=\"no-lazyload attachment-full\" alt=\"\" \/>                                                                    <\/div>\r\n                            \r\n            <\/div>\r\n<\/div>\t\t\t\t<\/div>\n\t\t\t\t<\/div>\n\t\t\t\t<div class=\"elementor-element elementor-element-d1cd90a elementor-widget elementor-widget-pxl_image\" data-id=\"d1cd90a\" data-element_type=\"widget\" data-e-type=\"widget\" data-widget_type=\"pxl_image.default\">\n\t\t\t\t<div class=\"elementor-widget-container\">\n\t\t\t\t\t<div id=\"pxl_image-d1cd90a-1848\" class=\"pxl-image-single style_img1 pxl-disable-parallax-sm\" data-wow-delay=\"ms\"  >\r\n    <div class=\"pxl-item--inner\" data-wow-delay=\"120ms\">\r\n        \r\n                                <div class=\"pxl-item--bg bg-image\" data-parallax='{\"y\":-60}' style=\"background-image: url(https:\/\/akvamariin.com\/wp-content\/uploads\/2025\/05\/pexels-marleneleppanen-1031592-scaled.jpg);\">\r\n                                            <\/div>\r\n                            \r\n            <\/div>\r\n<\/div>\t\t\t\t<\/div>\n\t\t\t\t<\/div>\n\t\t\t\t<div class=\"elementor-element elementor-element-f89e7da elementor-widget__width-auto elementor-absolute elementor-widget elementor-widget-pxl_badge\" data-id=\"f89e7da\" data-element_type=\"widget\" data-e-type=\"widget\" data-settings=\"{&quot;_position&quot;:&quot;absolute&quot;}\" data-widget_type=\"pxl_badge.default\">\n\t\t\t\t<div class=\"elementor-widget-container\">\n\t\t\t\t\t<div class=\"pxl-badge-meta pxl-badge-meta1\">\r\n\t<div class=\"pxl-item-inner\" data-wow-delay=\"ms\">\r\n        <div class=\"pxl-title-center\">\r\n            A        <\/div>\r\n        <div class=\"pxl-rotate\">\r\n            <div class=\"pxl-meta-content\">\r\n                <div class=\"text\">\r\n                    <svg viewbox=\"0 0 164 164\" xmlns=\"http:\/\/www.w3.org\/2000\/svg\">\r\n                      <defs>\r\n                        <path id=\"circlePath\" d=\"M 82,82 m -60,0 a 60,60 0 1,1 120,0 a 60,60 0 1,1 -120,0\" \/>\r\n                      <\/defs>\r\n                      <g stroke=\"none\" fill=\"none\" width=\"164\" height=\"164\">\r\n                        <rect width=\"164\" height=\"164\" fill=\"none\" \/>\r\n                        <text fill=\"currentColor\" x=\"0%\" y=\"0%\" dominant-baseline=\"middle\" text-anchor=\"middle\">\r\n                          <textpath href=\"#circlePath\" startoffset=\"50%\" text-anchor=\"middle\" alignment-baseline=\"middle\">\r\n                            hire us today - hire us today -                          <\/textpath>\r\n                        <\/text>\r\n                      <\/g>\r\n                    <\/svg>\r\n                <\/div>\r\n            <\/div>\r\n        <\/div>\r\n\t<\/div>\r\n<\/div>\t\t\t\t<\/div>\n\t\t\t\t<\/div>\n\t\t            <\/div>\r\n        <\/div>\r\n        \t\t\t<\/div>\n\t\t<\/section>\n\t\t\t\t<\/div>","protected":false},"excerpt":{"rendered":"<p>About us Based in Estoniaand Spain. our vision our mission Our background Our vision is to empower individuals and businesses by helping them attract new clients and establish a strong, accessible presence online. We strive to create meaningful digital connections that drive growth, visibility, and long-term success in an increasingly connected world. \u00a0Even if you [&hellip;]<\/p>\n","protected":false},"author":1,"featured_media":0,"parent":0,"menu_order":0,"comment_status":"closed","ping_status":"closed","template":"","meta":{"footnotes":""},"class_list":["post-544","page","type-page","status-publish","hentry"],"yoast_head":"<!-- This site is optimized with the Yoast SEO plugin v27.4 - https:\/\/yoast.com\/product\/yoast-seo-wordpress\/ -->\n<title>About Us - Akvamariin Design<\/title>\n<meta name=\"description\" content=\"Learn about Akvamariin Design, a creative agency empowering businesses with strong branding, strategic design and digital growth solutions.\" \/>\n<meta name=\"robots\" content=\"index, follow, max-snippet:-1, max-image-preview:large, max-video-preview:-1\" \/>\n<link rel=\"canonical\" href=\"https:\/\/akvamariin.com\/es\/about-us\/\" \/>\n<meta property=\"og:locale\" content=\"es_ES\" \/>\n<meta property=\"og:type\" content=\"article\" \/>\n<meta property=\"og:title\" content=\"About Us - Akvamariin Design\" \/>\n<meta property=\"og:description\" content=\"Learn about Akvamariin Design, a creative agency empowering businesses with strong branding, strategic design and digital growth solutions.\" \/>\n<meta property=\"og:url\" content=\"https:\/\/akvamariin.com\/es\/about-us\/\" \/>\n<meta property=\"og:site_name\" content=\"Akvamariin Design\" \/>\n<meta property=\"article:modified_time\" content=\"2026-01-06T22:20:18+00:00\" \/>\n<meta property=\"og:image\" content=\"https:\/\/akvamariin.com\/wp-content\/uploads\/2024\/11\/pattern.png\" \/>\n<meta name=\"twitter:card\" content=\"summary_large_image\" \/>\n<meta name=\"twitter:label1\" content=\"Tiempo de lectura\" \/>\n\t<meta name=\"twitter:data1\" content=\"1 minuto\" \/>\n<script type=\"application\/ld+json\" class=\"yoast-schema-graph\">{\"@context\":\"https:\\\/\\\/schema.org\",\"@graph\":[{\"@type\":\"WebPage\",\"@id\":\"https:\\\/\\\/akvamariin.com\\\/about-us\\\/\",\"url\":\"https:\\\/\\\/akvamariin.com\\\/about-us\\\/\",\"name\":\"About Us - Akvamariin Design\",\"isPartOf\":{\"@id\":\"https:\\\/\\\/akvamariin.com\\\/#website\"},\"primaryImageOfPage\":{\"@id\":\"https:\\\/\\\/akvamariin.com\\\/about-us\\\/#primaryimage\"},\"image\":{\"@id\":\"https:\\\/\\\/akvamariin.com\\\/about-us\\\/#primaryimage\"},\"thumbnailUrl\":\"https:\\\/\\\/akvamariin.com\\\/wp-content\\\/uploads\\\/2024\\\/11\\\/pattern.png\",\"datePublished\":\"2024-11-04T09:00:58+00:00\",\"dateModified\":\"2026-01-06T22:20:18+00:00\",\"description\":\"Learn about Akvamariin Design, a creative agency empowering businesses with strong branding, strategic design and digital growth solutions.\",\"breadcrumb\":{\"@id\":\"https:\\\/\\\/akvamariin.com\\\/about-us\\\/#breadcrumb\"},\"inLanguage\":\"es\",\"potentialAction\":[{\"@type\":\"ReadAction\",\"target\":[\"https:\\\/\\\/akvamariin.com\\\/about-us\\\/\"]}]},{\"@type\":\"ImageObject\",\"inLanguage\":\"es\",\"@id\":\"https:\\\/\\\/akvamariin.com\\\/about-us\\\/#primaryimage\",\"url\":\"https:\\\/\\\/akvamariin.com\\\/wp-content\\\/uploads\\\/2024\\\/11\\\/pattern.png\",\"contentUrl\":\"https:\\\/\\\/akvamariin.com\\\/wp-content\\\/uploads\\\/2024\\\/11\\\/pattern.png\"},{\"@type\":\"BreadcrumbList\",\"@id\":\"https:\\\/\\\/akvamariin.com\\\/about-us\\\/#breadcrumb\",\"itemListElement\":[{\"@type\":\"ListItem\",\"position\":1,\"name\":\"Home\",\"item\":\"https:\\\/\\\/akvamariin.com\\\/\"},{\"@type\":\"ListItem\",\"position\":2,\"name\":\"About Us\"}]},{\"@type\":\"WebSite\",\"@id\":\"https:\\\/\\\/akvamariin.com\\\/#website\",\"url\":\"https:\\\/\\\/akvamariin.com\\\/\",\"name\":\"Akvamariin Design\",\"description\":\"\",\"publisher\":{\"@id\":\"https:\\\/\\\/akvamariin.com\\\/#organization\"},\"potentialAction\":[{\"@type\":\"SearchAction\",\"target\":{\"@type\":\"EntryPoint\",\"urlTemplate\":\"https:\\\/\\\/akvamariin.com\\\/?s={search_term_string}\"},\"query-input\":{\"@type\":\"PropertyValueSpecification\",\"valueRequired\":true,\"valueName\":\"search_term_string\"}}],\"inLanguage\":\"es\"},{\"@type\":\"Organization\",\"@id\":\"https:\\\/\\\/akvamariin.com\\\/#organization\",\"name\":\"Akvamariin Design\",\"url\":\"https:\\\/\\\/akvamariin.com\\\/\",\"logo\":{\"@type\":\"ImageObject\",\"inLanguage\":\"es\",\"@id\":\"https:\\\/\\\/akvamariin.com\\\/#\\\/schema\\\/logo\\\/image\\\/\",\"url\":\"https:\\\/\\\/akvamariin.com\\\/wp-content\\\/uploads\\\/2024\\\/11\\\/LogoWPFooter2B.png\",\"contentUrl\":\"https:\\\/\\\/akvamariin.com\\\/wp-content\\\/uploads\\\/2024\\\/11\\\/LogoWPFooter2B.png\",\"width\":633,\"height\":231,\"caption\":\"Akvamariin Design\"},\"image\":{\"@id\":\"https:\\\/\\\/akvamariin.com\\\/#\\\/schema\\\/logo\\\/image\\\/\"}}]}<\/script>\n<!-- \/ Yoast SEO plugin. -->","yoast_head_json":{"title":"About Us - Akvamariin Design","description":"Learn about Akvamariin Design, a creative agency empowering businesses with strong branding, strategic design and digital growth solutions.","robots":{"index":"index","follow":"follow","max-snippet":"max-snippet:-1","max-image-preview":"max-image-preview:large","max-video-preview":"max-video-preview:-1"},"canonical":"https:\/\/akvamariin.com\/es\/about-us\/","og_locale":"es_ES","og_type":"article","og_title":"About Us - Akvamariin Design","og_description":"Learn about Akvamariin Design, a creative agency empowering businesses with strong branding, strategic design and digital growth solutions.","og_url":"https:\/\/akvamariin.com\/es\/about-us\/","og_site_name":"Akvamariin Design","article_modified_time":"2026-01-06T22:20:18+00:00","og_image":[{"url":"https:\/\/akvamariin.com\/wp-content\/uploads\/2024\/11\/pattern.png","type":"","width":"","height":""}],"twitter_card":"summary_large_image","twitter_misc":{"Tiempo de lectura":"1 minuto"},"schema":{"@context":"https:\/\/schema.org","@graph":[{"@type":"WebPage","@id":"https:\/\/akvamariin.com\/about-us\/","url":"https:\/\/akvamariin.com\/about-us\/","name":"About Us - Akvamariin Design","isPartOf":{"@id":"https:\/\/akvamariin.com\/#website"},"primaryImageOfPage":{"@id":"https:\/\/akvamariin.com\/about-us\/#primaryimage"},"image":{"@id":"https:\/\/akvamariin.com\/about-us\/#primaryimage"},"thumbnailUrl":"https:\/\/akvamariin.com\/wp-content\/uploads\/2024\/11\/pattern.png","datePublished":"2024-11-04T09:00:58+00:00","dateModified":"2026-01-06T22:20:18+00:00","description":"Learn about Akvamariin Design, a creative agency empowering businesses with strong branding, strategic design and digital growth solutions.","breadcrumb":{"@id":"https:\/\/akvamariin.com\/about-us\/#breadcrumb"},"inLanguage":"es","potentialAction":[{"@type":"ReadAction","target":["https:\/\/akvamariin.com\/about-us\/"]}]},{"@type":"ImageObject","inLanguage":"es","@id":"https:\/\/akvamariin.com\/about-us\/#primaryimage","url":"https:\/\/akvamariin.com\/wp-content\/uploads\/2024\/11\/pattern.png","contentUrl":"https:\/\/akvamariin.com\/wp-content\/uploads\/2024\/11\/pattern.png"},{"@type":"BreadcrumbList","@id":"https:\/\/akvamariin.com\/about-us\/#breadcrumb","itemListElement":[{"@type":"ListItem","position":1,"name":"Home","item":"https:\/\/akvamariin.com\/"},{"@type":"ListItem","position":2,"name":"About Us"}]},{"@type":"WebSite","@id":"https:\/\/akvamariin.com\/#website","url":"https:\/\/akvamariin.com\/","name":"Akvamariin Design","description":"","publisher":{"@id":"https:\/\/akvamariin.com\/#organization"},"potentialAction":[{"@type":"SearchAction","target":{"@type":"EntryPoint","urlTemplate":"https:\/\/akvamariin.com\/?s={search_term_string}"},"query-input":{"@type":"PropertyValueSpecification","valueRequired":true,"valueName":"search_term_string"}}],"inLanguage":"es"},{"@type":"Organization","@id":"https:\/\/akvamariin.com\/#organization","name":"Akvamariin Design","url":"https:\/\/akvamariin.com\/","logo":{"@type":"ImageObject","inLanguage":"es","@id":"https:\/\/akvamariin.com\/#\/schema\/logo\/image\/","url":"https:\/\/akvamariin.com\/wp-content\/uploads\/2024\/11\/LogoWPFooter2B.png","contentUrl":"https:\/\/akvamariin.com\/wp-content\/uploads\/2024\/11\/LogoWPFooter2B.png","width":633,"height":231,"caption":"Akvamariin Design"},"image":{"@id":"https:\/\/akvamariin.com\/#\/schema\/logo\/image\/"}}]}},"_links":{"self":[{"href":"https:\/\/akvamariin.com\/es\/wp-json\/wp\/v2\/pages\/544","targetHints":{"allow":["GET"]}}],"collection":[{"href":"https:\/\/akvamariin.com\/es\/wp-json\/wp\/v2\/pages"}],"about":[{"href":"https:\/\/akvamariin.com\/es\/wp-json\/wp\/v2\/types\/page"}],"author":[{"embeddable":true,"href":"https:\/\/akvamariin.com\/es\/wp-json\/wp\/v2\/users\/1"}],"replies":[{"embeddable":true,"href":"https:\/\/akvamariin.com\/es\/wp-json\/wp\/v2\/comments?post=544"}],"version-history":[{"count":16,"href":"https:\/\/akvamariin.com\/es\/wp-json\/wp\/v2\/pages\/544\/revisions"}],"predecessor-version":[{"id":5419,"href":"https:\/\/akvamariin.com\/es\/wp-json\/wp\/v2\/pages\/544\/revisions\/5419"}],"wp:attachment":[{"href":"https:\/\/akvamariin.com\/es\/wp-json\/wp\/v2\/media?parent=544"}],"curies":[{"name":"wp","href":"https:\/\/api.w.org\/{rel}","templated":true}]}}